{"id":54,"date":"2023-04-28T21:10:18","date_gmt":"2023-04-28T21:10:18","guid":{"rendered":"http:\/\/mkt.nestseekersmexico.com\/?page_id=54"},"modified":"2023-05-08T15:07:37","modified_gmt":"2023-05-08T15:07:37","slug":"merida","status":"publish","type":"page","link":"https:\/\/lp.cbmstage.com\/nest-seekers-tulum\/merida\/","title":{"rendered":"M\u00e9rida"},"content":{"rendered":"\n<h1>\n\t\tM\u00e9rida\n\t<\/h1>\n<h2>\n\t\tDiscover the Magic of M\u00e9rida\n\t<\/h2>\n\t<p>M\u00e9rida, the vibrant capital of Yucat\u00e1n, offers a magical blend of history, culture, and modernity, making it an ideal destination for those seeking a second home or investment property. The city boasts an energetic cultural scene with bustling markets, spirited festivals, and a rich culinary heritage. The stunning colonial architecture, colorful streets, and lush green parks offer an idyllic backdrop for life in this charming city.<\/p>\n<p>From the majestic grandeur of the Cathedral of San Ildefonso to the lively atmosphere of the buzzing Mercado Lucas de G\u00e1lvez, M\u00e9rida has something to offer everyone. Whether you&#8217;re looking for a tranquil retreat or a bustling hub of activity, this city is sure to capture your heart and provide an excellent opportunity for investment.<\/p>\n\t\t\t\t<img decoding=\"async\" src=\"http:\/\/lp.cbmstage.com\/nest-seekers-tulum\/wp-content\/uploads\/sites\/9\/2023\/05\/mayan-pyramid-pyramid-of-the-magician-adivino-i-2021-08-26-22-59-13-utc-1-444x328.jpeg\" alt=\"Anicent mayan pyramid (Pyramid of the Magician, Adivino  ) in Uxmal, M\u00e9rida, Yucat\u00e1n, Mexico\" itemprop=\"image\" title=\"Mayan pyramid (Pyramid of the Magician, Adivino) in Uxmal, Mexic\" onerror=\"this.style.display='none'\">\n\t\t\t\t<img decoding=\"async\" src=\"http:\/\/lp.cbmstage.com\/nest-seekers-tulum\/wp-content\/uploads\/sites\/9\/2023\/05\/pexels-ali-alcantara-11576792-1-444x328.jpeg\" alt=\"pexels-ali-alca\u0301ntara-11576792\" itemprop=\"image\" title=\"pexels-ali-alca\u0301ntara-11576792\" onerror=\"this.style.display='none'\">\n\t\t\t\t<img decoding=\"async\" src=\"http:\/\/lp.cbmstage.com\/nest-seekers-tulum\/wp-content\/uploads\/sites\/9\/2023\/05\/pexels-edgar-rodrigo-13688731-1-444x328.jpeg\" alt=\"pexels-edgar-rodrigo-13688731\" itemprop=\"image\" title=\"pexels-edgar-rodrigo-13688731\" onerror=\"this.style.display='none'\">\n\t\t\t\t<img decoding=\"async\" src=\"http:\/\/lp.cbmstage.com\/nest-seekers-tulum\/wp-content\/uploads\/sites\/9\/2023\/05\/merida-yucatan-2022-11-11-21-46-14-utc-1-444x328.jpg\" alt=\"DCIM100GOPROGOPR3474.JPG\" itemprop=\"image\" title=\"DCIM100GOPROGOPR3474.JPG\" onerror=\"this.style.display='none'\">\n\t\t\t\t<img decoding=\"async\" src=\"http:\/\/lp.cbmstage.com\/nest-seekers-tulum\/wp-content\/uploads\/sites\/9\/2023\/05\/pexels-clau-oliveros-12667072-444x328.jpg\" alt=\"pexels-clau-oliveros-12667072\" itemprop=\"image\" title=\"pexels-clau-oliveros-12667072\" onerror=\"this.style.display='none'\">\n\t\t\t\t<img decoding=\"async\" src=\"http:\/\/lp.cbmstage.com\/nest-seekers-tulum\/wp-content\/uploads\/sites\/9\/2023\/05\/pexels-maria-regina-diaz-13292437-1-444x328.jpeg\" alt=\"pexels-mari\u0301a-regina-di\u0301az-13292437\" itemprop=\"image\" title=\"pexels-mari\u0301a-regina-di\u0301az-13292437\" onerror=\"this.style.display='none'\">\n\t\t\t<a href=\"#cta-form\" target=\"_self\" rel=\"noopener\">\n\t\t\t\t\t\t\tFind Your Dream Property\n\t\t\t\t\t<\/a>\n","protected":false},"excerpt":{"rendered":"<p>M\u00e9rida Discover the Magic of M\u00e9rida M\u00e9rida, the vibrant capital of Yucat\u00e1n, offers a magical blend of history, culture, and <\/p>\n","protected":false},"author":1,"featured_media":0,"parent":0,"menu_order":0,"comment_status":"closed","ping_status":"closed","template":"","meta":{"footnotes":""},"acf":[],"yoast_head":"<!-- This site is optimized with the Yoast SEO plugin v21.7 - https:\/\/yoast.com\/wordpress\/plugins\/seo\/ -->\n<title>M\u00e9rida - Nest Seekers Tulum<\/title>\n<meta name=\"robots\" content=\"noindex, follow\" \/>\n<meta property=\"og:locale\" content=\"en_US\" \/>\n<meta property=\"og:type\" content=\"article\" \/>\n<meta property=\"og:title\" content=\"M\u00e9rida - Nest Seekers Tulum\" \/>\n<meta property=\"og:description\" content=\"M\u00e9rida Discover the Magic of M\u00e9rida M\u00e9rida, the vibrant capital of Yucat\u00e1n, offers a magical blend of history, culture, and\" \/>\n<meta property=\"og:url\" content=\"https:\/\/lp.cbmstage.com\/nest-seekers-tulum\/merida\/\" \/>\n<meta property=\"og:site_name\" content=\"Nest Seekers Tulum\" \/>\n<meta property=\"article:modified_time\" content=\"2023-05-08T15:07:37+00:00\" \/>\n<meta property=\"og:image\" content=\"http:\/\/lp.cbmstage.com\/nest-seekers-tulum\/wp-content\/uploads\/sites\/9\/2023\/05\/mayan-pyramid-pyramid-of-the-magician-adivino-i-2021-08-26-22-59-13-utc-1-444x328.jpeg\" \/>\n<meta name=\"twitter:card\" content=\"summary_large_image\" \/>\n<meta name=\"twitter:label1\" content=\"Est. reading time\" \/>\n\t<meta name=\"twitter:data1\" content=\"2 minutes\" \/>\n<script type=\"application\/ld+json\" class=\"yoast-schema-graph\">{\"@context\":\"https:\/\/schema.org\",\"@graph\":[{\"@type\":\"WebPage\",\"@id\":\"https:\/\/lp.cbmstage.com\/nest-seekers-tulum\/merida\/\",\"url\":\"https:\/\/lp.cbmstage.com\/nest-seekers-tulum\/merida\/\",\"name\":\"M\u00e9rida - Nest Seekers Tulum\",\"isPartOf\":{\"@id\":\"https:\/\/lp.cbmstage.com\/nest-seekers-tulum\/#website\"},\"datePublished\":\"2023-04-28T21:10:18+00:00\",\"dateModified\":\"2023-05-08T15:07:37+00:00\",\"breadcrumb\":{\"@id\":\"https:\/\/lp.cbmstage.com\/nest-seekers-tulum\/merida\/#breadcrumb\"},\"inLanguage\":\"en-US\",\"potentialAction\":[{\"@type\":\"ReadAction\",\"target\":[\"https:\/\/lp.cbmstage.com\/nest-seekers-tulum\/merida\/\"]}]},{\"@type\":\"BreadcrumbList\",\"@id\":\"https:\/\/lp.cbmstage.com\/nest-seekers-tulum\/merida\/#breadcrumb\",\"itemListElement\":[{\"@type\":\"ListItem\",\"position\":1,\"name\":\"Home\",\"item\":\"https:\/\/lp.cbmstage.com\/nest-seekers-tulum\/\"},{\"@type\":\"ListItem\",\"position\":2,\"name\":\"M\u00e9rida\"}]},{\"@type\":\"WebSite\",\"@id\":\"https:\/\/lp.cbmstage.com\/nest-seekers-tulum\/#website\",\"url\":\"https:\/\/lp.cbmstage.com\/nest-seekers-tulum\/\",\"name\":\"Nest Seekers Tulum\",\"description\":\"\",\"potentialAction\":[{\"@type\":\"SearchAction\",\"target\":{\"@type\":\"EntryPoint\",\"urlTemplate\":\"https:\/\/lp.cbmstage.com\/nest-seekers-tulum\/?s={search_term_string}\"},\"query-input\":\"required name=search_term_string\"}],\"inLanguage\":\"en-US\"}]}<\/script>\n<!-- \/ Yoast SEO plugin. -->","yoast_head_json":{"title":"M\u00e9rida - Nest Seekers Tulum","robots":{"index":"noindex","follow":"follow"},"og_locale":"en_US","og_type":"article","og_title":"M\u00e9rida - Nest Seekers Tulum","og_description":"M\u00e9rida Discover the Magic of M\u00e9rida M\u00e9rida, the vibrant capital of Yucat\u00e1n, offers a magical blend of history, culture, and","og_url":"https:\/\/lp.cbmstage.com\/nest-seekers-tulum\/merida\/","og_site_name":"Nest Seekers Tulum","article_modified_time":"2023-05-08T15:07:37+00:00","og_image":[{"url":"http:\/\/lp.cbmstage.com\/nest-seekers-tulum\/wp-content\/uploads\/sites\/9\/2023\/05\/mayan-pyramid-pyramid-of-the-magician-adivino-i-2021-08-26-22-59-13-utc-1-444x328.jpeg"}],"twitter_card":"summary_large_image","twitter_misc":{"Est. reading time":"2 minutes"},"schema":{"@context":"https:\/\/schema.org","@graph":[{"@type":"WebPage","@id":"https:\/\/lp.cbmstage.com\/nest-seekers-tulum\/merida\/","url":"https:\/\/lp.cbmstage.com\/nest-seekers-tulum\/merida\/","name":"M\u00e9rida - Nest Seekers Tulum","isPartOf":{"@id":"https:\/\/lp.cbmstage.com\/nest-seekers-tulum\/#website"},"datePublished":"2023-04-28T21:10:18+00:00","dateModified":"2023-05-08T15:07:37+00:00","breadcrumb":{"@id":"https:\/\/lp.cbmstage.com\/nest-seekers-tulum\/merida\/#breadcrumb"},"inLanguage":"en-US","potentialAction":[{"@type":"ReadAction","target":["https:\/\/lp.cbmstage.com\/nest-seekers-tulum\/merida\/"]}]},{"@type":"BreadcrumbList","@id":"https:\/\/lp.cbmstage.com\/nest-seekers-tulum\/merida\/#breadcrumb","itemListElement":[{"@type":"ListItem","position":1,"name":"Home","item":"https:\/\/lp.cbmstage.com\/nest-seekers-tulum\/"},{"@type":"ListItem","position":2,"name":"M\u00e9rida"}]},{"@type":"WebSite","@id":"https:\/\/lp.cbmstage.com\/nest-seekers-tulum\/#website","url":"https:\/\/lp.cbmstage.com\/nest-seekers-tulum\/","name":"Nest Seekers Tulum","description":"","potentialAction":[{"@type":"SearchAction","target":{"@type":"EntryPoint","urlTemplate":"https:\/\/lp.cbmstage.com\/nest-seekers-tulum\/?s={search_term_string}"},"query-input":"required name=search_term_string"}],"inLanguage":"en-US"}]}},"_links":{"self":[{"href":"https:\/\/lp.cbmstage.com\/nest-seekers-tulum\/wp-json\/wp\/v2\/pages\/54"}],"collection":[{"href":"https:\/\/lp.cbmstage.com\/nest-seekers-tulum\/wp-json\/wp\/v2\/pages"}],"about":[{"href":"https:\/\/lp.cbmstage.com\/nest-seekers-tulum\/wp-json\/wp\/v2\/types\/page"}],"author":[{"embeddable":true,"href":"https:\/\/lp.cbmstage.com\/nest-seekers-tulum\/wp-json\/wp\/v2\/users\/1"}],"replies":[{"embeddable":true,"href":"https:\/\/lp.cbmstage.com\/nest-seekers-tulum\/wp-json\/wp\/v2\/comments?post=54"}],"version-history":[{"count":6,"href":"https:\/\/lp.cbmstage.com\/nest-seekers-tulum\/wp-json\/wp\/v2\/pages\/54\/revisions"}],"predecessor-version":[{"id":1467,"href":"https:\/\/lp.cbmstage.com\/nest-seekers-tulum\/wp-json\/wp\/v2\/pages\/54\/revisions\/1467"}],"wp:attachment":[{"href":"https:\/\/lp.cbmstage.com\/nest-seekers-tulum\/wp-json\/wp\/v2\/media?parent=54"}],"curies":[{"name":"wp","href":"https:\/\/api.w.org\/{rel}","templated":true}]}}